{"id":1961,"date":"2024-05-24T12:49:38","date_gmt":"2024-05-24T09:49:38","guid":{"rendered":"https:\/\/www.koiaresort.com\/?page_id=1961"},"modified":"2025-10-07T19:24:42","modified_gmt":"2025-10-07T16:24:42","slug":"half-board-dining","status":"publish","type":"page","link":"https:\/\/www.koiaresort.com\/de\/half-board-dining\/","title":{"rendered":"Verpflegung mit Halbpension\u00a0"},"content":{"rendered":"","protected":false},"excerpt":{"rendered":"","protected":false},"author":326,"featured_media":3072,"parent":0,"menu_order":0,"comment_status":"closed","ping_status":"closed","template":"","meta":{"_acf_changed":false,"footnotes":""},"class_list":["post-1961","page","type-page","status-publish","has-post-thumbnail","hentry"],"acf":[],"yoast_head":"<!-- This site is optimized with the Yoast SEO plugin v27.3 - https:\/\/yoast.com\/product\/yoast-seo-wordpress\/ -->\n<title>Half Board Dining with \u00e0 la carte menus\u00a0| KOIA Wellness Resort<\/title>\n<meta name=\"description\" content=\"Indulge in exquisite half-board dining at KOIA Resort with \u00e0 la carte menus. Enjoy luxurious culinary experiences in our adults-only, 5-star resort in Kos island.\" \/>\n<meta name=\"robots\" content=\"index, follow, max-snippet:-1, max-image-preview:large, max-video-preview:-1\" \/>\n<link rel=\"canonical\" href=\"https:\/\/www.koiaresort.com\/de\/half-board-dining\/\" \/>\n<meta property=\"og:locale\" content=\"de_DE\" \/>\n<meta property=\"og:type\" content=\"article\" \/>\n<meta property=\"og:title\" content=\"Half Board Dining with \u00e0 la carte menus\u00a0| KOIA Wellness Resort\" \/>\n<meta property=\"og:description\" content=\"Indulge in exquisite half-board dining at KOIA Resort with \u00e0 la carte menus. Enjoy luxurious culinary experiences in our adults-only, 5-star resort in Kos island.\" \/>\n<meta property=\"og:url\" content=\"https:\/\/www.koiaresort.com\/de\/half-board-dining\/\" \/>\n<meta property=\"og:site_name\" content=\"Koia Resort\" \/>\n<meta property=\"article:modified_time\" content=\"2025-10-07T16:24:42+00:00\" \/>\n<meta property=\"og:image\" content=\"https:\/\/www.koiaresort.com\/app\/uploads\/sites\/140\/2025\/10\/Koia25-1643.jpg\" \/>\n\t<meta property=\"og:image:width\" content=\"1920\" \/>\n\t<meta property=\"og:image:height\" content=\"1281\" \/>\n\t<meta property=\"og:image:type\" content=\"image\/jpeg\" \/>\n<meta name=\"twitter:card\" content=\"summary_large_image\" \/>\n<meta name=\"twitter:label1\" content=\"Gesch\u00e4tzte Lesezeit\" \/>\n\t<meta name=\"twitter:data1\" content=\"1\u00a0Minute\" \/>\n<!-- \/ Yoast SEO plugin. -->","yoast_head_json":{"title":"Halbpension mit \u00c0-la-carte-Men\u00fcs | KOIA Wellness Resort","description":"G\u00f6nnen Sie sich eine exquisite Halbpension mit \u00c0-la-carte-Men\u00fcs im KOIA Resort. Genie\u00dfen Sie luxuri\u00f6se kulinarische Erlebnisse in unserem 5-Sterne-Resort nur f\u00fcr Erwachsene auf der Insel Kos.","robots":{"index":"index","follow":"follow","max-snippet":"max-snippet:-1","max-image-preview":"max-image-preview:large","max-video-preview":"max-video-preview:-1"},"canonical":"https:\/\/www.koiaresort.com\/de\/half-board-dining\/","og_locale":"de_DE","og_type":"article","og_title":"Half Board Dining with \u00e0 la carte menus\u00a0| KOIA Wellness Resort","og_description":"Indulge in exquisite half-board dining at KOIA Resort with \u00e0 la carte menus. Enjoy luxurious culinary experiences in our adults-only, 5-star resort in Kos island.","og_url":"https:\/\/www.koiaresort.com\/de\/half-board-dining\/","og_site_name":"Koia Resort","article_modified_time":"2025-10-07T16:24:42+00:00","og_image":[{"width":1920,"height":1281,"url":"https:\/\/www.koiaresort.com\/app\/uploads\/sites\/140\/2025\/10\/Koia25-1643.jpg","type":"image\/jpeg"}],"twitter_card":"summary_large_image","twitter_misc":{"Gesch\u00e4tzte Lesezeit":"1\u00a0Minute"},"schema":{"@context":"https:\/\/schema.org","@graph":[{"@type":"WebPage","@id":"https:\/\/www.koiaresort.com\/half-board-dining\/","url":"https:\/\/www.koiaresort.com\/half-board-dining\/","name":"Halbpension mit \u00c0-la-carte-Men\u00fcs | KOIA Wellness Resort","isPartOf":{"@id":"https:\/\/www.koiaresort.com\/#website"},"primaryImageOfPage":{"@id":"https:\/\/www.koiaresort.com\/half-board-dining\/#primaryimage"},"image":{"@id":"https:\/\/www.koiaresort.com\/half-board-dining\/#primaryimage"},"thumbnailUrl":"https:\/\/www.koiaresort.com\/app\/uploads\/sites\/140\/2025\/10\/Koia25-1643.jpg","datePublished":"2024-05-24T09:49:38+00:00","dateModified":"2025-10-07T16:24:42+00:00","description":"G\u00f6nnen Sie sich eine exquisite Halbpension mit \u00c0-la-carte-Men\u00fcs im KOIA Resort. Genie\u00dfen Sie luxuri\u00f6se kulinarische Erlebnisse in unserem 5-Sterne-Resort nur f\u00fcr Erwachsene auf der Insel Kos.","breadcrumb":{"@id":"https:\/\/www.koiaresort.com\/half-board-dining\/#breadcrumb"},"inLanguage":"de","potentialAction":[{"@type":"ReadAction","target":["https:\/\/www.koiaresort.com\/half-board-dining\/"]}]},{"@type":"ImageObject","inLanguage":"de","@id":"https:\/\/www.koiaresort.com\/half-board-dining\/#primaryimage","url":"https:\/\/www.koiaresort.com\/app\/uploads\/sites\/140\/2025\/10\/Koia25-1643.jpg","contentUrl":"https:\/\/www.koiaresort.com\/app\/uploads\/sites\/140\/2025\/10\/Koia25-1643.jpg","width":1920,"height":1281},{"@type":"BreadcrumbList","@id":"https:\/\/www.koiaresort.com\/half-board-dining\/#breadcrumb","itemListElement":[{"@type":"ListItem","position":1,"name":"Home","item":"https:\/\/www.koiaresort.com\/"},{"@type":"ListItem","position":2,"name":"Half Board Dining\u00a0"}]},{"@type":"WebSite","@id":"https:\/\/www.koiaresort.com\/#website","url":"https:\/\/www.koiaresort.com\/","name":"\u039aoia Resort","description":"Welcome to KOIA Resort, a premier 5-star, adults-only retreat on the enchanting island of Kos.","potentialAction":[{"@type":"SearchAction","target":{"@type":"EntryPoint","urlTemplate":"https:\/\/www.koiaresort.com\/?s={search_term_string}"},"query-input":{"@type":"PropertyValueSpecification","valueRequired":true,"valueName":"search_term_string"}}],"inLanguage":"de"}]}},"_links":{"self":[{"href":"https:\/\/www.koiaresort.com\/de\/wp-json\/wp\/v2\/pages\/1961","targetHints":{"allow":["GET"]}}],"collection":[{"href":"https:\/\/www.koiaresort.com\/de\/wp-json\/wp\/v2\/pages"}],"about":[{"href":"https:\/\/www.koiaresort.com\/de\/wp-json\/wp\/v2\/types\/page"}],"author":[{"embeddable":true,"href":"https:\/\/www.koiaresort.com\/de\/wp-json\/wp\/v2\/users\/326"}],"replies":[{"embeddable":true,"href":"https:\/\/www.koiaresort.com\/de\/wp-json\/wp\/v2\/comments?post=1961"}],"version-history":[{"count":14,"href":"https:\/\/www.koiaresort.com\/de\/wp-json\/wp\/v2\/pages\/1961\/revisions"}],"predecessor-version":[{"id":3541,"href":"https:\/\/www.koiaresort.com\/de\/wp-json\/wp\/v2\/pages\/1961\/revisions\/3541"}],"wp:featuredmedia":[{"embeddable":true,"href":"https:\/\/www.koiaresort.com\/de\/wp-json\/wp\/v2\/media\/3072"}],"wp:attachment":[{"href":"https:\/\/www.koiaresort.com\/de\/wp-json\/wp\/v2\/media?parent=1961"}],"curies":[{"name":"wp","href":"https:\/\/api.w.org\/{rel}","templated":true}]}}